{"id":449,"date":"2022-05-17T12:31:05","date_gmt":"2022-05-17T12:31:05","guid":{"rendered":"http:\/\/folienpool.de\/?page_id=449"},"modified":"2024-06-06T11:57:38","modified_gmt":"2024-06-06T11:57:38","slug":"impressum","status":"publish","type":"page","link":"https:\/\/folienpool.de\/index.php\/impressum\/","title":{"rendered":"Impressum"},"content":{"rendered":"\t\t<div data-elementor-type=\"wp-page\" data-elementor-id=\"449\" class=\"elementor elementor-449\">\n\t\t\t\t\t\t<section class=\"elementor-section elementor-top-section elementor-element elementor-element-1b0a5d33 elementor-section-boxed elementor-section-height-default elementor-section-height-default\" data-id=\"1b0a5d33\" data-element_type=\"section\" data-e-type=\"section\" data-settings=\"{&quot;background_background&quot;:&quot;classic&quot;}\">\n\t\t\t\t\t\t\t<div class=\"elementor-background-overlay\"><\/div>\n\t\t\t\t\t\t\t<div class=\"elementor-container elementor-column-gap-default\">\n\t\t\t\t\t<div class=\"elementor-column elementor-col-100 elementor-top-column elementor-element elementor-element-1f841ba\" data-id=\"1f841ba\" data-element_type=\"column\" data-e-type=\"column\">\n\t\t\t<div class=\"elementor-widget-wrap elementor-element-populated\">\n\t\t\t\t\t\t<div class=\"elementor-element elementor-element-365ba0bd elementor-widget elementor-widget-heading\" data-id=\"365ba0bd\" data-element_type=\"widget\" data-e-type=\"widget\" data-widget_type=\"heading.default\">\n\t\t\t\t<div class=\"elementor-widget-container\">\n\t\t\t\t\t<h1 class=\"elementor-heading-title elementor-size-xxl\">Impressum<\/h1>\t\t\t\t<\/div>\n\t\t\t\t<\/div>\n\t\t\t\t\t<\/div>\n\t\t<\/div>\n\t\t\t\t\t<\/div>\n\t\t<\/section>\n\t\t\t\t<section class=\"elementor-section elementor-top-section elementor-element elementor-element-6027d0f elementor-reverse-mobile elementor-section-boxed elementor-section-height-default elementor-section-height-default\" data-id=\"6027d0f\" data-element_type=\"section\" data-e-type=\"section\">\n\t\t\t\t\t\t<div class=\"elementor-container elementor-column-gap-no\">\n\t\t\t\t\t<div class=\"elementor-column elementor-col-100 elementor-top-column elementor-element elementor-element-7dcd94c\" data-id=\"7dcd94c\" data-element_type=\"column\" data-e-type=\"column\">\n\t\t\t<div class=\"elementor-widget-wrap elementor-element-populated\">\n\t\t\t\t\t\t<div class=\"elementor-element elementor-element-7a09c27 elementor-widget elementor-widget-spacer\" data-id=\"7a09c27\" data-element_type=\"widget\" data-e-type=\"widget\" data-widget_type=\"spacer.default\">\n\t\t\t\t<div class=\"elementor-widget-container\">\n\t\t\t\t\t\t\t<div class=\"elementor-spacer\">\n\t\t\t<div class=\"elementor-spacer-inner\"><\/div>\n\t\t<\/div>\n\t\t\t\t\t\t<\/div>\n\t\t\t\t<\/div>\n\t\t\t\t<div class=\"elementor-element elementor-element-171c492 elementor-widget elementor-widget-text-editor\" data-id=\"171c492\" data-element_type=\"widget\" data-e-type=\"widget\" data-widget_type=\"text-editor.default\">\n\t\t\t\t<div class=\"elementor-widget-container\">\n\t\t\t\t\t\t\t\t\t<p>Weinmann GmbH | Trend Pool<br \/>Frankenstra\u00dfe 1 &#8211; 4<br \/>63776 M\u00f6mbris<\/p><h2>Vertreten durch:<\/h2><p>Gesch\u00e4ftsf\u00fchrer Ralf Weinmann und Jochen Weinmann<\/p><h2>Kontakt:<\/h2><div class=\"table-responsive\"><table class=\"table\" style=\"width: 50%;\"><tbody><tr><td>Telefon:<\/td><td>+49 (0) 60 29 \/ 95 797 \u2013 0<\/td><\/tr><tr><td>E-Mail:<\/td><td>tp@weinmann.gmbh<\/td><\/tr><\/tbody><\/table><\/div><h2>Registereintrag:<\/h2><p>Eintragung im Handelsregister.<br \/>Registergericht:Aschaffenburg<br \/>Registernummer: 8649<\/p><p>Umsatzsteuer-Identifikationsnummer gem\u00e4\u00df \u00a727 a Umsatzsteuergesetz: DE228141545<\/p><p>WEEE-Registrierungsnummer:\u00a0 DE 78896620<\/p><h2>Verantwortlich f\u00fcr den Inhalt nach \u00a7 55 Abs. 2 RStV:<\/h2><p>Gesch\u00e4ftsf\u00fchrer Jochen Weinmann<\/p><h2>Haftung f\u00fcr Inhalte<\/h2><p>Als Diensteanbieter sind wir gem\u00e4\u00df \u00a7 7 Abs.1 DDG f\u00fcr eigene Inhalte<br \/>auf diesen Seiten nach den allgemeinen Gesetzen verantwortlich. Nach \u00a7\u00a7 8<br \/>bis 10 DDG sind wir als Diensteanbieter jedoch nicht verpflichtet,<br \/>\u00fcbermittelte oder gespeicherte fremde Informationen zu \u00fcberwachen oder<br \/>nach Umst\u00e4nden zu forschen, die auf eine rechtswidrige T\u00e4tigkeit<br \/>hinweisen.<\/p><p>Verpflichtungen zur Entfernung oder Sperrung der Nutzung von<br \/>Informationen nach den allgemeinen Gesetzen bleiben hiervon unber\u00fchrt.<br \/>Eine diesbez\u00fcgliche Haftung ist jedoch erst ab dem Zeitpunkt der<br \/>Kenntnis einer konkreten Rechtsverletzung m\u00f6glich. Bei Bekanntwerden von<br \/>entsprechenden Rechtsverletzungen werden wir diese Inhalte umgehend<br \/>entfernen.<\/p><h2>Haftung f\u00fcr Links<\/h2><p>Unser Angebot enth\u00e4lt Links zu externen Webseiten Dritter, auf deren<br \/>Inhalte wir keinen Einfluss haben. Deshalb k\u00f6nnen wir f\u00fcr diese fremden<br \/>Inhalte auch keine Gew\u00e4hr \u00fcbernehmen. F\u00fcr die Inhalte der verlinkten<br \/>Seiten ist stets der jeweilige Anbieter oder Betreiber der Seiten<br \/>verantwortlich. Die verlinkten Seiten wurden zum Zeitpunkt der<br \/>Verlinkung auf m\u00f6gliche Rechtsverst\u00f6\u00dfe \u00fcberpr\u00fcft. Rechtswidrige Inhalte<br \/>waren zum Zeitpunkt der Verlinkung nicht erkennbar.<\/p><p>Eine permanente inhaltliche Kontrolle der verlinkten Seiten ist<br \/>jedoch ohne konkrete Anhaltspunkte einer Rechtsverletzung nicht<br \/>zumutbar. Bei Bekanntwerden von Rechtsverletzungen werden wir derartige<br \/>Links umgehend entfernen.<\/p><h2>Urheberrecht<\/h2><p>Die durch die Seitenbetreiber erstellten Inhalte und Werke auf diesen<br \/>Seiten unterliegen dem deutschen Urheberrecht. Die Vervielf\u00e4ltigung,<br \/>Bearbeitung, Verbreitung und jede Art der Verwertung au\u00dferhalb der<br \/>Grenzen des Urheberrechtes bed\u00fcrfen der schriftlichen Zustimmung des<br \/>jeweiligen Autors bzw. Erstellers. Downloads und Kopien dieser Seite<br \/>sind nur f\u00fcr den privaten, nicht kommerziellen Gebrauch gestattet.<\/p><p>Soweit die Inhalte auf dieser Seite nicht vom Betreiber erstellt<br \/>wurden, werden die Urheberrechte Dritter beachtet. Insbesondere werden<br \/>Inhalte Dritter als solche gekennzeichnet. Sollten Sie trotzdem auf eine<br \/>Urheberrechtsverletzung aufmerksam werden, bitten wir um einen<br \/>entsprechenden Hinweis. Bei Bekanntwerden von Rechtsverletzungen werden<br \/>wir derartige Inhalte umgehend entfernen.<\/p>\t\t\t\t\t\t\t\t<\/div>\n\t\t\t\t<\/div>\n\t\t\t\t\t<\/div>\n\t\t<\/div>\n\t\t\t\t\t<\/div>\n\t\t<\/section>\n\t\t\t\t<\/div>\n\t\t","protected":false},"excerpt":{"rendered":"<p>Impressum Weinmann GmbH | Trend PoolFrankenstra\u00dfe 1 &#8211; 463776 M\u00f6mbris Vertreten durch: Gesch\u00e4ftsf\u00fchrer Ralf Weinmann und Jochen Weinmann Kontakt: Telefon: +49 (0) 60 29 \/ 95 797 \u2013 0 E-Mail: tp@weinmann.gmbh Registereintrag: Eintragung im Handelsregister.Registergericht:AschaffenburgRegisternummer: 8649 Umsatzsteuer-Identifikationsnummer gem\u00e4\u00df \u00a727 a Umsatzsteuergesetz: DE228141545 WEEE-Registrierungsnummer:\u00a0 DE 78896620 Verantwortlich f\u00fcr den Inhalt nach \u00a7 55 Abs. 2 RStV: [&hellip;]<\/p>\n","protected":false},"author":1,"featured_media":0,"parent":0,"menu_order":0,"comment_status":"closed","ping_status":"closed","template":"","meta":{"site-sidebar-layout":"no-sidebar","site-content-layout":"page-builder","ast-site-content-layout":"default","site-content-style":"default","site-sidebar-style":"default","ast-global-header-display":"","ast-banner-title-visibility":"","ast-main-header-display":"","ast-hfb-above-header-display":"","ast-hfb-below-header-display":"","ast-hfb-mobile-header-display":"","site-post-title":"disabled","ast-breadcrumbs-content":"","ast-featured-img":"","footer-sml-layout":"","ast-disable-related-posts":"","theme-transparent-header-meta":"enabled","adv-header-id-meta":"","stick-header-meta":"","header-above-stick-meta":"","header-main-stick-meta":"","header-below-stick-meta":"","astra-migrate-meta-layouts":"default","ast-page-background-enabled":"default","ast-page-background-meta":{"desktop":{"background-color":"","background-image":"","background-repeat":"repeat","background-position":"center center","background-size":"auto","background-attachment":"scroll","background-type":"","background-media":"","overlay-type":"","overlay-color":"","overlay-opacity":"","overlay-gradient":""},"tablet":{"background-color":"","background-image":"","background-repeat":"repeat","background-position":"center center","background-size":"auto","background-attachment":"scroll","background-type":"","background-media":"","overlay-type":"","overlay-color":"","overlay-opacity":"","overlay-gradient":""},"mobile":{"background-color":"","background-image":"","background-repeat":"repeat","background-position":"center center","background-size":"auto","background-attachment":"scroll","background-type":"","background-media":"","overlay-type":"","overlay-color":"","overlay-opacity":"","overlay-gradient":""}},"ast-content-background-meta":{"desktop":{"background-color":"var(--ast-global-color-5)","background-image":"","background-repeat":"repeat","background-position":"center center","background-size":"auto","background-attachment":"scroll","background-type":"","background-media":"","overlay-type":"","overlay-color":"","overlay-opacity":"","overlay-gradient":""},"tablet":{"background-color":"var(--ast-global-color-5)","background-image":"","background-repeat":"repeat","background-position":"center center","background-size":"auto","background-attachment":"scroll","background-type":"","background-media":"","overlay-type":"","overlay-color":"","overlay-opacity":"","overlay-gradient":""},"mobile":{"background-color":"var(--ast-global-color-5)","background-image":"","background-repeat":"repeat","background-position":"center center","background-size":"auto","background-attachment":"scroll","background-type":"","background-media":"","overlay-type":"","overlay-color":"","overlay-opacity":"","overlay-gradient":""}},"footnotes":""},"class_list":["post-449","page","type-page","status-publish","hentry"],"yoast_head":"<!-- This site is optimized with the Yoast SEO plugin v25.6 - https:\/\/yoast.com\/wordpress\/plugins\/seo\/ -->\n<title>Impressum - folienpool.de<\/title>\n<meta name=\"robots\" content=\"index, follow, max-snippet:-1, max-image-preview:large, max-video-preview:-1\" \/>\n<link rel=\"canonical\" href=\"https:\/\/folienpool.de\/index.php\/impressum\/\" \/>\n<meta property=\"og:locale\" content=\"de_DE\" \/>\n<meta property=\"og:type\" content=\"article\" \/>\n<meta property=\"og:title\" content=\"Impressum - folienpool.de\" \/>\n<meta property=\"og:description\" content=\"Impressum Weinmann GmbH | Trend PoolFrankenstra\u00dfe 1 &#8211; 463776 M\u00f6mbris Vertreten durch: Gesch\u00e4ftsf\u00fchrer Ralf Weinmann und Jochen Weinmann Kontakt: Telefon: +49 (0) 60 29 \/ 95 797 \u2013 0 E-Mail: tp@weinmann.gmbh Registereintrag: Eintragung im Handelsregister.Registergericht:AschaffenburgRegisternummer: 8649 Umsatzsteuer-Identifikationsnummer gem\u00e4\u00df \u00a727 a Umsatzsteuergesetz: DE228141545 WEEE-Registrierungsnummer:\u00a0 DE 78896620 Verantwortlich f\u00fcr den Inhalt nach \u00a7 55 Abs. 2 RStV: [&hellip;]\" \/>\n<meta property=\"og:url\" content=\"https:\/\/folienpool.de\/index.php\/impressum\/\" \/>\n<meta property=\"og:site_name\" content=\"folienpool.de\" \/>\n<meta property=\"article:modified_time\" content=\"2024-06-06T11:57:38+00:00\" \/>\n<meta name=\"twitter:card\" content=\"summary_large_image\" \/>\n<meta name=\"twitter:label1\" content=\"Gesch\u00e4tzte Lesezeit\" \/>\n\t<meta name=\"twitter:data1\" content=\"2\u00a0Minuten\" \/>\n<script type=\"application\/ld+json\" class=\"yoast-schema-graph\">{\"@context\":\"https:\/\/schema.org\",\"@graph\":[{\"@type\":\"WebPage\",\"@id\":\"https:\/\/folienpool.de\/index.php\/impressum\/\",\"url\":\"https:\/\/folienpool.de\/index.php\/impressum\/\",\"name\":\"Impressum - folienpool.de\",\"isPartOf\":{\"@id\":\"https:\/\/folienpool.de\/#website\"},\"datePublished\":\"2022-05-17T12:31:05+00:00\",\"dateModified\":\"2024-06-06T11:57:38+00:00\",\"breadcrumb\":{\"@id\":\"https:\/\/folienpool.de\/index.php\/impressum\/#breadcrumb\"},\"inLanguage\":\"de\",\"potentialAction\":[{\"@type\":\"ReadAction\",\"target\":[\"https:\/\/folienpool.de\/index.php\/impressum\/\"]}]},{\"@type\":\"BreadcrumbList\",\"@id\":\"https:\/\/folienpool.de\/index.php\/impressum\/#breadcrumb\",\"itemListElement\":[{\"@type\":\"ListItem\",\"position\":1,\"name\":\"Startseite\",\"item\":\"https:\/\/folienpool.de\/\"},{\"@type\":\"ListItem\",\"position\":2,\"name\":\"Impressum\"}]},{\"@type\":\"WebSite\",\"@id\":\"https:\/\/folienpool.de\/#website\",\"url\":\"https:\/\/folienpool.de\/\",\"name\":\"folienpool.de\",\"description\":\"enjoy the color\",\"publisher\":{\"@id\":\"https:\/\/folienpool.de\/#organization\"},\"potentialAction\":[{\"@type\":\"SearchAction\",\"target\":{\"@type\":\"EntryPoint\",\"urlTemplate\":\"https:\/\/folienpool.de\/?s={search_term_string}\"},\"query-input\":{\"@type\":\"PropertyValueSpecification\",\"valueRequired\":true,\"valueName\":\"search_term_string\"}}],\"inLanguage\":\"de\"},{\"@type\":\"Organization\",\"@id\":\"https:\/\/folienpool.de\/#organization\",\"name\":\"folienpool.de\",\"url\":\"https:\/\/folienpool.de\/\",\"logo\":{\"@type\":\"ImageObject\",\"inLanguage\":\"de\",\"@id\":\"https:\/\/folienpool.de\/#\/schema\/logo\/image\/\",\"url\":\"https:\/\/folienpool.de\/wp-content\/uploads\/2020\/04\/Logo_folienpool-03-weis-03.png\",\"contentUrl\":\"https:\/\/folienpool.de\/wp-content\/uploads\/2020\/04\/Logo_folienpool-03-weis-03.png\",\"width\":265,\"height\":127,\"caption\":\"folienpool.de\"},\"image\":{\"@id\":\"https:\/\/folienpool.de\/#\/schema\/logo\/image\/\"}}]}<\/script>\n<!-- \/ Yoast SEO plugin. -->","yoast_head_json":{"title":"Impressum - folienpool.de","robots":{"index":"index","follow":"follow","max-snippet":"max-snippet:-1","max-image-preview":"max-image-preview:large","max-video-preview":"max-video-preview:-1"},"canonical":"https:\/\/folienpool.de\/index.php\/impressum\/","og_locale":"de_DE","og_type":"article","og_title":"Impressum - folienpool.de","og_description":"Impressum Weinmann GmbH | Trend PoolFrankenstra\u00dfe 1 &#8211; 463776 M\u00f6mbris Vertreten durch: Gesch\u00e4ftsf\u00fchrer Ralf Weinmann und Jochen Weinmann Kontakt: Telefon: +49 (0) 60 29 \/ 95 797 \u2013 0 E-Mail: tp@weinmann.gmbh Registereintrag: Eintragung im Handelsregister.Registergericht:AschaffenburgRegisternummer: 8649 Umsatzsteuer-Identifikationsnummer gem\u00e4\u00df \u00a727 a Umsatzsteuergesetz: DE228141545 WEEE-Registrierungsnummer:\u00a0 DE 78896620 Verantwortlich f\u00fcr den Inhalt nach \u00a7 55 Abs. 2 RStV: [&hellip;]","og_url":"https:\/\/folienpool.de\/index.php\/impressum\/","og_site_name":"folienpool.de","article_modified_time":"2024-06-06T11:57:38+00:00","twitter_card":"summary_large_image","twitter_misc":{"Gesch\u00e4tzte Lesezeit":"2\u00a0Minuten"},"schema":{"@context":"https:\/\/schema.org","@graph":[{"@type":"WebPage","@id":"https:\/\/folienpool.de\/index.php\/impressum\/","url":"https:\/\/folienpool.de\/index.php\/impressum\/","name":"Impressum - folienpool.de","isPartOf":{"@id":"https:\/\/folienpool.de\/#website"},"datePublished":"2022-05-17T12:31:05+00:00","dateModified":"2024-06-06T11:57:38+00:00","breadcrumb":{"@id":"https:\/\/folienpool.de\/index.php\/impressum\/#breadcrumb"},"inLanguage":"de","potentialAction":[{"@type":"ReadAction","target":["https:\/\/folienpool.de\/index.php\/impressum\/"]}]},{"@type":"BreadcrumbList","@id":"https:\/\/folienpool.de\/index.php\/impressum\/#breadcrumb","itemListElement":[{"@type":"ListItem","position":1,"name":"Startseite","item":"https:\/\/folienpool.de\/"},{"@type":"ListItem","position":2,"name":"Impressum"}]},{"@type":"WebSite","@id":"https:\/\/folienpool.de\/#website","url":"https:\/\/folienpool.de\/","name":"folienpool.de","description":"enjoy the color","publisher":{"@id":"https:\/\/folienpool.de\/#organization"},"potentialAction":[{"@type":"SearchAction","target":{"@type":"EntryPoint","urlTemplate":"https:\/\/folienpool.de\/?s={search_term_string}"},"query-input":{"@type":"PropertyValueSpecification","valueRequired":true,"valueName":"search_term_string"}}],"inLanguage":"de"},{"@type":"Organization","@id":"https:\/\/folienpool.de\/#organization","name":"folienpool.de","url":"https:\/\/folienpool.de\/","logo":{"@type":"ImageObject","inLanguage":"de","@id":"https:\/\/folienpool.de\/#\/schema\/logo\/image\/","url":"https:\/\/folienpool.de\/wp-content\/uploads\/2020\/04\/Logo_folienpool-03-weis-03.png","contentUrl":"https:\/\/folienpool.de\/wp-content\/uploads\/2020\/04\/Logo_folienpool-03-weis-03.png","width":265,"height":127,"caption":"folienpool.de"},"image":{"@id":"https:\/\/folienpool.de\/#\/schema\/logo\/image\/"}}]}},"_links":{"self":[{"href":"https:\/\/folienpool.de\/index.php\/wp-json\/wp\/v2\/pages\/449"}],"collection":[{"href":"https:\/\/folienpool.de\/index.php\/wp-json\/wp\/v2\/pages"}],"about":[{"href":"https:\/\/folienpool.de\/index.php\/wp-json\/wp\/v2\/types\/page"}],"author":[{"embeddable":true,"href":"https:\/\/folienpool.de\/index.php\/wp-json\/wp\/v2\/users\/1"}],"replies":[{"embeddable":true,"href":"https:\/\/folienpool.de\/index.php\/wp-json\/wp\/v2\/comments?post=449"}],"version-history":[{"count":20,"href":"https:\/\/folienpool.de\/index.php\/wp-json\/wp\/v2\/pages\/449\/revisions"}],"predecessor-version":[{"id":1358,"href":"https:\/\/folienpool.de\/index.php\/wp-json\/wp\/v2\/pages\/449\/revisions\/1358"}],"wp:attachment":[{"href":"https:\/\/folienpool.de\/index.php\/wp-json\/wp\/v2\/media?parent=449"}],"curies":[{"name":"wp","href":"https:\/\/api.w.org\/{rel}","templated":true}]}}